{"id":9598,"date":"2020-04-15T22:08:54","date_gmt":"2020-04-15T20:08:54","guid":{"rendered":"https:\/\/parahockey.cz\/clubs\/"},"modified":"2020-04-15T22:08:57","modified_gmt":"2020-04-15T20:08:57","slug":"clubs","status":"publish","type":"page","link":"https:\/\/parahockey.cz\/en\/national-league\/clubs\/","title":{"rendered":"Clubs"},"content":{"rendered":"\t\t<div data-elementor-type=\"wp-page\" data-elementor-id=\"9598\" class=\"elementor elementor-9598 elementor-265\" data-elementor-post-type=\"page\">\n\t\t\t\t\t\t<section class=\"elementor-section elementor-top-section elementor-element elementor-element-3799c7b elementor-section-boxed elementor-section-height-default elementor-section-height-default\" data-id=\"3799c7b\" data-element_type=\"section\">\n\t\t\t\t\t\t<div class=\"elementor-container elementor-column-gap-default\">\n\t\t\t\t\t<div class=\"elementor-column elementor-col-33 elementor-top-column elementor-element elementor-element-001293d\" data-id=\"001293d\" data-element_type=\"column\" data-settings=\"{&quot;background_background&quot;:&quot;classic&quot;}\">\n\t\t\t<div class=\"elementor-widget-wrap elementor-element-populated\">\n\t\t\t\t\t\t<div class=\"elementor-element elementor-element-ed6cf4d elementor-widget elementor-widget-image\" data-id=\"ed6cf4d\" data-element_type=\"widget\" data-widget_type=\"image.default\">\n\t\t\t\t<div class=\"elementor-widget-container\">\n\t\t\t\t\t\t\t\t\t\t\t\t\t\t\t\t<a href=\"http:\/\/www.sledgepraha.cz\/\" target=\"_blank\" rel=\"noopener\">\n\t\t\t\t\t\t\t<img decoding=\"async\" width=\"150\" height=\"150\" src=\"https:\/\/parahockey.cz\/wp-content\/uploads\/2020\/02\/ico6.png\" class=\"attachment-large size-large wp-image-9278\" alt=\"\" srcset=\"https:\/\/parahockey.cz\/wp-content\/uploads\/2020\/02\/ico6.png 150w, https:\/\/parahockey.cz\/wp-content\/uploads\/2020\/02\/ico6-128x128.png 128w, https:\/\/parahockey.cz\/wp-content\/uploads\/2020\/02\/ico6-32x32.png 32w, https:\/\/parahockey.cz\/wp-content\/uploads\/2020\/02\/ico6-20x20.png 20w\" sizes=\"(max-width: 150px) 100vw, 150px\" \/>\t\t\t\t\t\t\t\t<\/a>\n\t\t\t\t\t\t\t\t\t\t\t\t\t\t\t<\/div>\n\t\t\t\t<\/div>\n\t\t\t\t<div class=\"elementor-element elementor-element-a1919c9 elementor-widget elementor-widget-heading\" data-id=\"a1919c9\" data-element_type=\"widget\" data-widget_type=\"heading.default\">\n\t\t\t\t<div class=\"elementor-widget-container\">\n\t\t\t\t\t<h2 class=\"elementor-heading-title elementor-size-default\"><a href=\"http:\/\/www.sledgepraha.cz\/\" target=\"_blank\" rel=\"noopener\">HC Sparta Praha sledge hokej<\/a><\/h2>\t\t\t\t<\/div>\n\t\t\t\t<\/div>\n\t\t\t\t<div class=\"elementor-element elementor-element-1e34aca elementor-widget elementor-widget-text-editor\" data-id=\"1e34aca\" data-element_type=\"widget\" data-widget_type=\"text-editor.default\">\n\t\t\t\t<div class=\"elementor-widget-container\">\n\t\t\t\t\t\t\t\t\t<p><a href=\"http:\/\/www.sledgepraha.cz\/\" target=\"_blank\" rel=\"noopener\">www.sledgepraha.cz<\/a><\/p>\n\t\t\t\t\t\t\t\t<\/div>\n\t\t\t\t<\/div>\n\t\t\t\t\t<\/div>\n\t\t<\/div>\n\t\t\t\t<div class=\"elementor-column elementor-col-33 elementor-top-column elementor-element elementor-element-657fe3e\" data-id=\"657fe3e\" data-element_type=\"column\" data-settings=\"{&quot;background_background&quot;:&quot;classic&quot;}\">\n\t\t\t<div class=\"elementor-widget-wrap elementor-element-populated\">\n\t\t\t\t\t\t<div class=\"elementor-element elementor-element-0622071 elementor-widget elementor-widget-image\" data-id=\"0622071\" data-element_type=\"widget\" data-widget_type=\"image.default\">\n\t\t\t\t<div class=\"elementor-widget-container\">\n\t\t\t\t\t\t\t\t\t\t\t\t\t\t\t\t<a href=\"http:\/\/www.shkpardubice.cz\" target=\"_blank\" rel=\"noopener\">\n\t\t\t\t\t\t\t<img fetchpriority=\"high\" decoding=\"async\" width=\"800\" height=\"800\" src=\"https:\/\/parahockey.cz\/wp-content\/uploads\/2020\/02\/logo_SHK-MUSTANGOVE-AUTOIN_final-01-1024x1024.png\" class=\"attachment-large size-large wp-image-9518\" alt=\"\" srcset=\"https:\/\/parahockey.cz\/wp-content\/uploads\/2020\/02\/logo_SHK-MUSTANGOVE-AUTOIN_final-01-1024x1024.png 1024w, https:\/\/parahockey.cz\/wp-content\/uploads\/2020\/02\/logo_SHK-MUSTANGOVE-AUTOIN_final-01-300x300.png 300w, https:\/\/parahockey.cz\/wp-content\/uploads\/2020\/02\/logo_SHK-MUSTANGOVE-AUTOIN_final-01-150x150.png 150w, https:\/\/parahockey.cz\/wp-content\/uploads\/2020\/02\/logo_SHK-MUSTANGOVE-AUTOIN_final-01-1536x1536.png 1536w, https:\/\/parahockey.cz\/wp-content\/uploads\/2020\/02\/logo_SHK-MUSTANGOVE-AUTOIN_final-01-2048x2048.png 2048w, https:\/\/parahockey.cz\/wp-content\/uploads\/2020\/02\/logo_SHK-MUSTANGOVE-AUTOIN_final-01-128x128.png 128w, https:\/\/parahockey.cz\/wp-content\/uploads\/2020\/02\/logo_SHK-MUSTANGOVE-AUTOIN_final-01-32x32.png 32w, https:\/\/parahockey.cz\/wp-content\/uploads\/2020\/02\/logo_SHK-MUSTANGOVE-AUTOIN_final-01-20x20.png 20w\" sizes=\"(max-width: 800px) 100vw, 800px\" \/>\t\t\t\t\t\t\t\t<\/a>\n\t\t\t\t\t\t\t\t\t\t\t\t\t\t\t<\/div>\n\t\t\t\t<\/div>\n\t\t\t\t<div class=\"elementor-element elementor-element-dd14277 elementor-widget elementor-widget-heading\" data-id=\"dd14277\" data-element_type=\"widget\" data-widget_type=\"heading.default\">\n\t\t\t\t<div class=\"elementor-widget-container\">\n\t\t\t\t\t<h2 class=\"elementor-heading-title elementor-size-default\"><a href=\"http:\/\/www.shkpardubice.cz\" target=\"_blank\" rel=\"noopener\">SHK Mustangov\u00e9 AUTO IN<\/a><\/h2>\t\t\t\t<\/div>\n\t\t\t\t<\/div>\n\t\t\t\t<div class=\"elementor-element elementor-element-3274cdd elementor-widget elementor-widget-text-editor\" data-id=\"3274cdd\" data-element_type=\"widget\" data-widget_type=\"text-editor.default\">\n\t\t\t\t<div class=\"elementor-widget-container\">\n\t\t\t\t\t\t\t\t\t<p><a href=\"http:\/\/www.shkpardubice.cz\" target=\"_blank\" rel=\"noopener\">www.shkpardubice.cz<\/a><\/p>\n\t\t\t\t\t\t\t\t<\/div>\n\t\t\t\t<\/div>\n\t\t\t\t\t<\/div>\n\t\t<\/div>\n\t\t\t\t<div class=\"elementor-column elementor-col-33 elementor-top-column elementor-element elementor-element-feabb22\" data-id=\"feabb22\" data-element_type=\"column\" data-settings=\"{&quot;background_background&quot;:&quot;classic&quot;}\">\n\t\t\t<div class=\"elementor-widget-wrap elementor-element-populated\">\n\t\t\t\t\t\t<div class=\"elementor-element elementor-element-8ac4688 elementor-widget elementor-widget-image\" data-id=\"8ac4688\" data-element_type=\"widget\" data-widget_type=\"image.default\">\n\t\t\t\t<div class=\"elementor-widget-container\">\n\t\t\t\t\t\t\t\t\t\t\t\t\t\t\t\t<a href=\"http:\/\/www.skv-sharks.cz\" target=\"_blank\" rel=\"noopener\">\n\t\t\t\t\t\t\t<img decoding=\"async\" width=\"800\" height=\"800\" src=\"https:\/\/parahockey.cz\/wp-content\/uploads\/2020\/02\/SKV-Sharks-Karlovy-Vary-1024x1024.png\" class=\"attachment-large size-large wp-image-9269\" alt=\"\" srcset=\"https:\/\/parahockey.cz\/wp-content\/uploads\/2020\/02\/SKV-Sharks-Karlovy-Vary-1024x1024.png 1024w, https:\/\/parahockey.cz\/wp-content\/uploads\/2020\/02\/SKV-Sharks-Karlovy-Vary-300x300.png 300w, https:\/\/parahockey.cz\/wp-content\/uploads\/2020\/02\/SKV-Sharks-Karlovy-Vary-150x150.png 150w, https:\/\/parahockey.cz\/wp-content\/uploads\/2020\/02\/SKV-Sharks-Karlovy-Vary-768x768.png 768w, https:\/\/parahockey.cz\/wp-content\/uploads\/2020\/02\/SKV-Sharks-Karlovy-Vary-1536x1536.png 1536w, https:\/\/parahockey.cz\/wp-content\/uploads\/2020\/02\/SKV-Sharks-Karlovy-Vary-2048x2048.png 2048w, https:\/\/parahockey.cz\/wp-content\/uploads\/2020\/02\/SKV-Sharks-Karlovy-Vary-128x128.png 128w, https:\/\/parahockey.cz\/wp-content\/uploads\/2020\/02\/SKV-Sharks-Karlovy-Vary-32x32.png 32w, https:\/\/parahockey.cz\/wp-content\/uploads\/2020\/02\/SKV-Sharks-Karlovy-Vary-20x20.png 20w, https:\/\/parahockey.cz\/wp-content\/uploads\/2020\/02\/SKV-Sharks-Karlovy-Vary.png 120w\" sizes=\"(max-width: 800px) 100vw, 800px\" \/>\t\t\t\t\t\t\t\t<\/a>\n\t\t\t\t\t\t\t\t\t\t\t\t\t\t\t<\/div>\n\t\t\t\t<\/div>\n\t\t\t\t<div class=\"elementor-element elementor-element-f3cb5d0 elementor-widget elementor-widget-heading\" data-id=\"f3cb5d0\" data-element_type=\"widget\" data-widget_type=\"heading.default\">\n\t\t\t\t<div class=\"elementor-widget-container\">\n\t\t\t\t\t<h2 class=\"elementor-heading-title elementor-size-default\"><a href=\"http:\/\/www.skv-sharks.cz\" target=\"_blank\" rel=\"noopener\">SKV Sharks Karlovy Vary<\/a><\/h2>\t\t\t\t<\/div>\n\t\t\t\t<\/div>\n\t\t\t\t<div class=\"elementor-element elementor-element-7890a00 elementor-widget elementor-widget-text-editor\" data-id=\"7890a00\" data-element_type=\"widget\" data-widget_type=\"text-editor.default\">\n\t\t\t\t<div class=\"elementor-widget-container\">\n\t\t\t\t\t\t\t\t\t<p><a class=\"box-team__link\" href=\"http:\/\/www.skv-sharks.cz\/\" target=\"_blank\" rel=\"noopener\">www.skv-sharks.cz<\/a><\/p>\n\t\t\t\t\t\t\t\t<\/div>\n\t\t\t\t<\/div>\n\t\t\t\t\t<\/div>\n\t\t<\/div>\n\t\t\t\t\t<\/div>\n\t\t<\/section>\n\t\t\t\t<section class=\"elementor-section elementor-top-section elementor-element elementor-element-e8da651 elementor-section-boxed elementor-section-height-default elementor-section-height-default\" data-id=\"e8da651\" data-element_type=\"section\">\n\t\t\t\t\t\t<div class=\"elementor-container elementor-column-gap-default\">\n\t\t\t\t\t<div class=\"elementor-column elementor-col-33 elementor-top-column elementor-element elementor-element-1a19d0c\" data-id=\"1a19d0c\" data-element_type=\"column\" data-settings=\"{&quot;background_background&quot;:&quot;classic&quot;}\">\n\t\t\t<div class=\"elementor-widget-wrap elementor-element-populated\">\n\t\t\t\t\t\t<div class=\"elementor-element elementor-element-cd1517f elementor-widget elementor-widget-image\" data-id=\"cd1517f\" data-element_type=\"widget\" data-widget_type=\"image.default\">\n\t\t\t\t<div class=\"elementor-widget-container\">\n\t\t\t\t\t\t\t\t\t\t\t\t\t\t\t\t<a href=\"http:\/\/www.sledgehokejzlin.cz\" target=\"_blank\" rel=\"noopener\">\n\t\t\t\t\t\t\t<img loading=\"lazy\" decoding=\"async\" width=\"120\" height=\"120\" src=\"https:\/\/parahockey.cz\/wp-content\/uploads\/2020\/02\/SHK-LAPP-Zl\u00edn.png\" class=\"attachment-large size-large wp-image-9271\" alt=\"\" srcset=\"https:\/\/parahockey.cz\/wp-content\/uploads\/2020\/02\/SHK-LAPP-Zl\u00edn.png 120w, https:\/\/parahockey.cz\/wp-content\/uploads\/2020\/02\/SHK-LAPP-Zl\u00edn-32x32.png 32w, https:\/\/parahockey.cz\/wp-content\/uploads\/2020\/02\/SHK-LAPP-Zl\u00edn-20x20.png 20w\" sizes=\"(max-width: 120px) 100vw, 120px\" \/>\t\t\t\t\t\t\t\t<\/a>\n\t\t\t\t\t\t\t\t\t\t\t\t\t\t\t<\/div>\n\t\t\t\t<\/div>\n\t\t\t\t<div class=\"elementor-element elementor-element-cbff943 elementor-widget elementor-widget-heading\" data-id=\"cbff943\" data-element_type=\"widget\" data-widget_type=\"heading.default\">\n\t\t\t\t<div class=\"elementor-widget-container\">\n\t\t\t\t\t<h2 class=\"elementor-heading-title elementor-size-default\"><a href=\"http:\/\/www.sledgehokejzlin.cz\" target=\"_blank\" rel=\"noopener\">SHK LAPP Zl\u00edn<\/a><\/h2>\t\t\t\t<\/div>\n\t\t\t\t<\/div>\n\t\t\t\t<div class=\"elementor-element elementor-element-6c2c30d elementor-widget elementor-widget-text-editor\" data-id=\"6c2c30d\" data-element_type=\"widget\" data-widget_type=\"text-editor.default\">\n\t\t\t\t<div class=\"elementor-widget-container\">\n\t\t\t\t\t\t\t\t\t<p><a class=\"box-team__link\" href=\"http:\/\/www.sledgehokejzlin.cz\/\" target=\"_blank\" rel=\"noopener\">www.sledgehokejzlin.cz<\/a><\/p>\n\t\t\t\t\t\t\t\t<\/div>\n\t\t\t\t<\/div>\n\t\t\t\t\t<\/div>\n\t\t<\/div>\n\t\t\t\t<div class=\"elementor-column elementor-col-33 elementor-top-column elementor-element elementor-element-622b97d\" data-id=\"622b97d\" data-element_type=\"column\" data-settings=\"{&quot;background_background&quot;:&quot;classic&quot;}\">\n\t\t\t<div class=\"elementor-widget-wrap elementor-element-populated\">\n\t\t\t\t\t\t<div class=\"elementor-element elementor-element-9fc96b0 elementor-widget elementor-widget-image\" data-id=\"9fc96b0\" data-element_type=\"widget\" data-widget_type=\"image.default\">\n\t\t\t\t<div class=\"elementor-widget-container\">\n\t\t\t\t\t\t\t\t\t\t\t\t\t\t\t\t<a href=\"http:\/\/www.s-o-h-o.cz\" target=\"_blank\" rel=\"noopener\">\n\t\t\t\t\t\t\t<img loading=\"lazy\" decoding=\"async\" width=\"800\" height=\"800\" src=\"https:\/\/parahockey.cz\/wp-content\/uploads\/2020\/02\/SOHO-Olomou\u010dt\u00ed-Kohouti-1024x1024.png\" class=\"attachment-large size-large wp-image-9273\" alt=\"\" srcset=\"https:\/\/parahockey.cz\/wp-content\/uploads\/2020\/02\/SOHO-Olomou\u010dt\u00ed-Kohouti-1024x1024.png 1024w, https:\/\/parahockey.cz\/wp-content\/uploads\/2020\/02\/SOHO-Olomou\u010dt\u00ed-Kohouti-300x300.png 300w, https:\/\/parahockey.cz\/wp-content\/uploads\/2020\/02\/SOHO-Olomou\u010dt\u00ed-Kohouti-150x150.png 150w, https:\/\/parahockey.cz\/wp-content\/uploads\/2020\/02\/SOHO-Olomou\u010dt\u00ed-Kohouti-768x768.png 768w, https:\/\/parahockey.cz\/wp-content\/uploads\/2020\/02\/SOHO-Olomou\u010dt\u00ed-Kohouti-1536x1536.png 1536w, https:\/\/parahockey.cz\/wp-content\/uploads\/2020\/02\/SOHO-Olomou\u010dt\u00ed-Kohouti-2048x2048.png 2048w, https:\/\/parahockey.cz\/wp-content\/uploads\/2020\/02\/SOHO-Olomou\u010dt\u00ed-Kohouti-128x128.png 128w, https:\/\/parahockey.cz\/wp-content\/uploads\/2020\/02\/SOHO-Olomou\u010dt\u00ed-Kohouti-32x32.png 32w, https:\/\/parahockey.cz\/wp-content\/uploads\/2020\/02\/SOHO-Olomou\u010dt\u00ed-Kohouti-20x20.png 20w, https:\/\/parahockey.cz\/wp-content\/uploads\/2020\/02\/SOHO-Olomou\u010dt\u00ed-Kohouti.png 120w\" sizes=\"(max-width: 800px) 100vw, 800px\" \/>\t\t\t\t\t\t\t\t<\/a>\n\t\t\t\t\t\t\t\t\t\t\t\t\t\t\t<\/div>\n\t\t\t\t<\/div>\n\t\t\t\t<div class=\"elementor-element elementor-element-e542123 elementor-widget elementor-widget-heading\" data-id=\"e542123\" data-element_type=\"widget\" data-widget_type=\"heading.default\">\n\t\t\t\t<div class=\"elementor-widget-container\">\n\t\t\t\t\t<h2 class=\"elementor-heading-title elementor-size-default\"><a href=\"http:\/\/www.s-o-h-o.cz\" target=\"_blank\" rel=\"noopener\">SOHO Olomou\u010dt\u00ed Kohouti<\/a><\/h2>\t\t\t\t<\/div>\n\t\t\t\t<\/div>\n\t\t\t\t<div class=\"elementor-element elementor-element-403d167 elementor-widget elementor-widget-text-editor\" data-id=\"403d167\" data-element_type=\"widget\" data-widget_type=\"text-editor.default\">\n\t\t\t\t<div class=\"elementor-widget-container\">\n\t\t\t\t\t\t\t\t\t<p><a class=\"box-team__link\" href=\"http:\/\/www.s-o-h-o.cz\/\" target=\"_blank\" rel=\"noopener\">www.s-o-h-o.cz<\/a><\/p>\n\t\t\t\t\t\t\t\t<\/div>\n\t\t\t\t<\/div>\n\t\t\t\t\t<\/div>\n\t\t<\/div>\n\t\t\t\t<div class=\"elementor-column elementor-col-33 elementor-top-column elementor-element elementor-element-d9bb53a\" data-id=\"d9bb53a\" data-element_type=\"column\" data-settings=\"{&quot;background_background&quot;:&quot;classic&quot;}\">\n\t\t\t<div class=\"elementor-widget-wrap elementor-element-populated\">\n\t\t\t\t\t\t<div class=\"elementor-element elementor-element-9564f59 elementor-widget elementor-widget-image\" data-id=\"9564f59\" data-element_type=\"widget\" data-widget_type=\"image.default\">\n\t\t\t\t<div class=\"elementor-widget-container\">\n\t\t\t\t\t\t\t\t\t\t\t\t\t\t\t\t<a href=\"http:\/\/www.hcstudenka.cz\/\" target=\"_blank\" rel=\"noopener\">\n\t\t\t\t\t\t\t<img loading=\"lazy\" decoding=\"async\" width=\"120\" height=\"120\" src=\"https:\/\/parahockey.cz\/wp-content\/uploads\/2020\/02\/HC-Sledge-Stud\u00e9nka.jpg\" class=\"attachment-large size-large wp-image-9268\" alt=\"\" srcset=\"https:\/\/parahockey.cz\/wp-content\/uploads\/2020\/02\/HC-Sledge-Stud\u00e9nka.jpg 120w, https:\/\/parahockey.cz\/wp-content\/uploads\/2020\/02\/HC-Sledge-Stud\u00e9nka-32x32.jpg 32w, https:\/\/parahockey.cz\/wp-content\/uploads\/2020\/02\/HC-Sledge-Stud\u00e9nka-20x20.jpg 20w\" sizes=\"(max-width: 120px) 100vw, 120px\" \/>\t\t\t\t\t\t\t\t<\/a>\n\t\t\t\t\t\t\t\t\t\t\t\t\t\t\t<\/div>\n\t\t\t\t<\/div>\n\t\t\t\t<div class=\"elementor-element elementor-element-1e4a0f2 elementor-widget elementor-widget-heading\" data-id=\"1e4a0f2\" data-element_type=\"widget\" data-widget_type=\"heading.default\">\n\t\t\t\t<div class=\"elementor-widget-container\">\n\t\t\t\t\t<h2 class=\"elementor-heading-title elementor-size-default\"><a href=\"http:\/\/www.hcstudenka.cz\/\" target=\"_blank\" rel=\"noopener\">HC Sledge Stud\u00e9nka<\/a><\/h2>\t\t\t\t<\/div>\n\t\t\t\t<\/div>\n\t\t\t\t<div class=\"elementor-element elementor-element-e2f4f2c elementor-widget elementor-widget-text-editor\" data-id=\"e2f4f2c\" data-element_type=\"widget\" data-widget_type=\"text-editor.default\">\n\t\t\t\t<div class=\"elementor-widget-container\">\n\t\t\t\t\t\t\t\t\t<p><a href=\"http:\/\/www.hcstudenka.cz\" target=\"_blank\" rel=\"noopener\">www.hcstudenka.cz<\/a><\/p>\n\t\t\t\t\t\t\t\t<\/div>\n\t\t\t\t<\/div>\n\t\t\t\t\t<\/div>\n\t\t<\/div>\n\t\t\t\t\t<\/div>\n\t\t<\/section>\n\t\t\t\t<section class=\"elementor-section elementor-top-section elementor-element elementor-element-426ea28 elementor-section-boxed elementor-section-height-default elementor-section-height-default\" data-id=\"426ea28\" data-element_type=\"section\">\n\t\t\t\t\t\t<div class=\"elementor-container elementor-column-gap-default\">\n\t\t\t\t\t<div class=\"elementor-column elementor-col-33 elementor-top-column elementor-element elementor-element-d0110d5\" data-id=\"d0110d5\" data-element_type=\"column\" data-settings=\"{&quot;background_background&quot;:&quot;classic&quot;}\">\n\t\t\t<div class=\"elementor-widget-wrap elementor-element-populated\">\n\t\t\t\t\t\t<div class=\"elementor-element elementor-element-0f238d3 elementor-widget elementor-widget-image\" data-id=\"0f238d3\" data-element_type=\"widget\" data-widget_type=\"image.default\">\n\t\t\t\t<div class=\"elementor-widget-container\">\n\t\t\t\t\t\t\t\t\t\t\t\t\t\t\t\t<a href=\"http:\/\/motorsledgecb.cz\/\" target=\"_blank\" rel=\"noopener\">\n\t\t\t\t\t\t\t<img loading=\"lazy\" decoding=\"async\" width=\"148\" height=\"135\" src=\"https:\/\/parahockey.cz\/wp-content\/uploads\/2020\/02\/logo-1.png\" class=\"attachment-large size-large wp-image-9277\" alt=\"\" srcset=\"https:\/\/parahockey.cz\/wp-content\/uploads\/2020\/02\/logo-1.png 148w, https:\/\/parahockey.cz\/wp-content\/uploads\/2020\/02\/logo-1-128x117.png 128w, https:\/\/parahockey.cz\/wp-content\/uploads\/2020\/02\/logo-1-32x29.png 32w, https:\/\/parahockey.cz\/wp-content\/uploads\/2020\/02\/logo-1-20x18.png 20w\" sizes=\"(max-width: 148px) 100vw, 148px\" \/>\t\t\t\t\t\t\t\t<\/a>\n\t\t\t\t\t\t\t\t\t\t\t\t\t\t\t<\/div>\n\t\t\t\t<\/div>\n\t\t\t\t<div class=\"elementor-element elementor-element-333b67d elementor-widget elementor-widget-heading\" data-id=\"333b67d\" data-element_type=\"widget\" data-widget_type=\"heading.default\">\n\t\t\t\t<div class=\"elementor-widget-container\">\n\t\t\t\t\t<h2 class=\"elementor-heading-title elementor-size-default\"><a href=\"http:\/\/motorsledgecb.cz\/\" target=\"_blank\" rel=\"noopener\">Motor Sledge \u010cesk\u00e9 Bud\u011bjovice<\/a><\/h2>\t\t\t\t<\/div>\n\t\t\t\t<\/div>\n\t\t\t\t<div class=\"elementor-element elementor-element-928c835 elementor-widget elementor-widget-text-editor\" data-id=\"928c835\" data-element_type=\"widget\" data-widget_type=\"text-editor.default\">\n\t\t\t\t<div class=\"elementor-widget-container\">\n\t\t\t\t\t\t\t\t\t<p><a href=\"http:\/\/motorsledgecb.cz\/\" target=\"_blank\" rel=\"noopener\">motorsledgecb.cz<\/a><\/p>\n\t\t\t\t\t\t\t\t<\/div>\n\t\t\t\t<\/div>\n\t\t\t\t\t<\/div>\n\t\t<\/div>\n\t\t\t\t<div class=\"elementor-column elementor-col-33 elementor-top-column elementor-element elementor-element-5965c99 elementor-hidden-desktop elementor-hidden-tablet elementor-hidden-phone\" data-id=\"5965c99\" data-element_type=\"column\">\n\t\t\t<div class=\"elementor-widget-wrap\">\n\t\t\t\t\t\t\t<\/div>\n\t\t<\/div>\n\t\t\t\t<div class=\"elementor-column elementor-col-33 elementor-top-column elementor-element elementor-element-d4642e9 elementor-hidden-desktop elementor-hidden-tablet elementor-hidden-phone\" data-id=\"d4642e9\" data-element_type=\"column\">\n\t\t\t<div class=\"elementor-widget-wrap\">\n\t\t\t\t\t\t\t<\/div>\n\t\t<\/div>\n\t\t\t\t\t<\/div>\n\t\t<\/section>\n\t\t\t\t<\/div>\n\t\t","protected":false},"excerpt":{"rendered":"<p>HC Sparta Praha sledge hokej www.sledgepraha.cz SHK Mustangov\u00e9 AUTO IN www.shkpardubice.cz SKV Sharks Karlovy Vary www.skv-sharks.cz SHK LAPP Zl\u00edn www.sledgehokejzlin.cz SOHO Olomou\u010dt\u00ed Kohouti www.s-o-h-o.cz HC Sledge Stud\u00e9nka www.hcstudenka.cz Motor Sledge \u010cesk\u00e9 Bud\u011bjovice motorsledgecb.cz<\/p>\n","protected":false},"author":1,"featured_media":0,"parent":9600,"menu_order":0,"comment_status":"closed","ping_status":"closed","template":"","meta":{"_acf_changed":false,"inline_featured_image":false,"footnotes":""},"class_list":["post-9598","page","type-page","status-publish","hentry"],"acf":[],"_links":{"self":[{"href":"https:\/\/parahockey.cz\/en\/wp-json\/wp\/v2\/pages\/9598","targetHints":{"allow":["GET"]}}],"collection":[{"href":"https:\/\/parahockey.cz\/en\/wp-json\/wp\/v2\/pages"}],"about":[{"href":"https:\/\/parahockey.cz\/en\/wp-json\/wp\/v2\/types\/page"}],"author":[{"embeddable":true,"href":"https:\/\/parahockey.cz\/en\/wp-json\/wp\/v2\/users\/1"}],"replies":[{"embeddable":true,"href":"https:\/\/parahockey.cz\/en\/wp-json\/wp\/v2\/comments?post=9598"}],"version-history":[{"count":1,"href":"https:\/\/parahockey.cz\/en\/wp-json\/wp\/v2\/pages\/9598\/revisions"}],"predecessor-version":[{"id":9599,"href":"https:\/\/parahockey.cz\/en\/wp-json\/wp\/v2\/pages\/9598\/revisions\/9599"}],"up":[{"embeddable":true,"href":"https:\/\/parahockey.cz\/en\/wp-json\/wp\/v2\/pages\/9600"}],"wp:attachment":[{"href":"https:\/\/parahockey.cz\/en\/wp-json\/wp\/v2\/media?parent=9598"}],"curies":[{"name":"wp","href":"https:\/\/api.w.org\/{rel}","templated":true}]}}