{"id":9929,"date":"2020-06-18T09:35:33","date_gmt":"2020-06-18T07:35:33","guid":{"rendered":"https:\/\/parahockey.cz\/events\/lapp-cup\/"},"modified":"2020-06-18T09:35:34","modified_gmt":"2020-06-18T07:35:34","slug":"lapp-cup","status":"publish","type":"page","link":"https:\/\/parahockey.cz\/en\/events\/lapp-cup\/","title":{"rendered":"LAPP Cup"},"content":{"rendered":"\n<p>Successful tournaments include the LAPP Cup Zl\u00edn. The international club tournament has been happening every year since 2011. The winners of this prestigious competition include the home team of Zl\u00edn, which defeated the Italian team from South Tyrol 3: 2 in separate shootouts in the finals during the eighth year of the tournament (2018).<\/p>\n\n<p>A summary of the latest year of the LAPP Cup Zl\u00edn 2019 can be found in a report by \u010cesk\u00e1 Televize.<\/p>\n\n<figure class=\"wp-block-image size-large\"><img fetchpriority=\"high\" decoding=\"async\" width=\"800\" height=\"533\" src=\"https:\/\/parahockey.cz\/wp-content\/uploads\/2020\/02\/sledge-hokej-foto.jpg\" alt=\"\" class=\"wp-image-8669\" srcset=\"https:\/\/parahockey.cz\/wp-content\/uploads\/2020\/02\/sledge-hokej-foto.jpg 800w, https:\/\/parahockey.cz\/wp-content\/uploads\/2020\/02\/sledge-hokej-foto-300x200.jpg 300w, https:\/\/parahockey.cz\/wp-content\/uploads\/2020\/02\/sledge-hokej-foto-768x512.jpg 768w\" sizes=\"(max-width: 800px) 100vw, 800px\" \/><figcaption>LAPP Cup Zl\u00edn<\/figcaption><\/figure>\n<p>https:\/\/www.ceskatelevize.cz\/porady\/10103510226-sport-v-regionech\/319297370030043-para-hokej-lapp-cup-zlin\/<\/p>\n","protected":false},"excerpt":{"rendered":"<p>Successful tournaments include the LAPP Cup Zl\u00edn. The international club tournament has been happening every year since 2011. The winners of this prestigious competition include the home team of Zl\u00edn, which defeated the Italian team from South Tyrol 3: 2 in separate shootouts in the finals during the eighth year of the tournament (2018). A [&hellip;]<\/p>\n","protected":false},"author":1,"featured_media":0,"parent":9575,"menu_order":0,"comment_status":"closed","ping_status":"closed","template":"","meta":{"_acf_changed":false,"inline_featured_image":false,"footnotes":""},"class_list":["post-9929","page","type-page","status-publish","hentry"],"acf":[],"_links":{"self":[{"href":"https:\/\/parahockey.cz\/en\/wp-json\/wp\/v2\/pages\/9929","targetHints":{"allow":["GET"]}}],"collection":[{"href":"https:\/\/parahockey.cz\/en\/wp-json\/wp\/v2\/pages"}],"about":[{"href":"https:\/\/parahockey.cz\/en\/wp-json\/wp\/v2\/types\/page"}],"author":[{"embeddable":true,"href":"https:\/\/parahockey.cz\/en\/wp-json\/wp\/v2\/users\/1"}],"replies":[{"embeddable":true,"href":"https:\/\/parahockey.cz\/en\/wp-json\/wp\/v2\/comments?post=9929"}],"version-history":[{"count":1,"href":"https:\/\/parahockey.cz\/en\/wp-json\/wp\/v2\/pages\/9929\/revisions"}],"predecessor-version":[{"id":9930,"href":"https:\/\/parahockey.cz\/en\/wp-json\/wp\/v2\/pages\/9929\/revisions\/9930"}],"up":[{"embeddable":true,"href":"https:\/\/parahockey.cz\/en\/wp-json\/wp\/v2\/pages\/9575"}],"wp:attachment":[{"href":"https:\/\/parahockey.cz\/en\/wp-json\/wp\/v2\/media?parent=9929"}],"curies":[{"name":"wp","href":"https:\/\/api.w.org\/{rel}","templated":true}]}}